{"id":3190,"date":"2025-09-22T00:17:07","date_gmt":"2025-09-22T00:17:07","guid":{"rendered":"https:\/\/lcmbasket.com\/?page_id=3190"},"modified":"2025-09-22T00:17:07","modified_gmt":"2025-09-22T00:17:07","slug":"stats","status":"publish","type":"page","link":"https:\/\/lcmbasket.com\/index.php\/stats\/","title":{"rendered":"Stats"},"content":{"rendered":"","protected":false},"excerpt":{"rendered":"","protected":false},"author":1,"featured_media":0,"parent":0,"menu_order":0,"comment_status":"closed","ping_status":"closed","template":"","meta":{"footnotes":""},"class_list":["post-3190","page","type-page","status-publish","hentry"],"acf":[],"yoast_head":"<!-- This site is optimized with the Yoast SEO plugin v22.3 - https:\/\/yoast.com\/wordpress\/plugins\/seo\/ -->\n<title>Stats - LCM Basket - Ligue Malagasy | D\u00e9couverte Culturelle et Tournois Passionnants<\/title>\n<meta name=\"robots\" content=\"index, follow, max-snippet:-1, max-image-preview:large, max-video-preview:-1\" \/>\n<link rel=\"canonical\" href=\"https:\/\/lcmbasket.com\/index.php\/stats\/\" \/>\n<meta property=\"og:locale\" content=\"fr_FR\" \/>\n<meta property=\"og:type\" content=\"article\" \/>\n<meta property=\"og:title\" content=\"Stats - LCM Basket - Ligue Malagasy | D\u00e9couverte Culturelle et Tournois Passionnants\" \/>\n<meta property=\"og:url\" content=\"https:\/\/lcmbasket.com\/index.php\/stats\/\" \/>\n<meta property=\"og:site_name\" content=\"LCM Basket - Ligue Malagasy | D\u00e9couverte Culturelle et Tournois Passionnants\" \/>\n<meta name=\"twitter:card\" content=\"summary_large_image\" \/>\n<script type=\"application\/ld+json\" class=\"yoast-schema-graph\">{\"@context\":\"https:\/\/schema.org\",\"@graph\":[{\"@type\":\"WebPage\",\"@id\":\"https:\/\/lcmbasket.com\/index.php\/stats\/\",\"url\":\"https:\/\/lcmbasket.com\/index.php\/stats\/\",\"name\":\"Stats - LCM Basket - Ligue Malagasy | D\u00e9couverte Culturelle et Tournois Passionnants\",\"isPartOf\":{\"@id\":\"https:\/\/lcmbasket.com\/#website\"},\"datePublished\":\"2025-09-22T00:17:07+00:00\",\"dateModified\":\"2025-09-22T00:17:07+00:00\",\"breadcrumb\":{\"@id\":\"https:\/\/lcmbasket.com\/index.php\/stats\/#breadcrumb\"},\"inLanguage\":\"fr-FR\",\"potentialAction\":[{\"@type\":\"ReadAction\",\"target\":[\"https:\/\/lcmbasket.com\/index.php\/stats\/\"]}]},{\"@type\":\"BreadcrumbList\",\"@id\":\"https:\/\/lcmbasket.com\/index.php\/stats\/#breadcrumb\",\"itemListElement\":[{\"@type\":\"ListItem\",\"position\":1,\"name\":\"Accueil\",\"item\":\"https:\/\/lcmbasket.com\/\"},{\"@type\":\"ListItem\",\"position\":2,\"name\":\"Stats\"}]},{\"@type\":\"WebSite\",\"@id\":\"https:\/\/lcmbasket.com\/#website\",\"url\":\"https:\/\/lcmbasket.com\/\",\"name\":\"LCM Basket - Ligue Malagasy | D\u00e9couverte Culturelle et Tournois Passionnants\",\"description\":\"LCM Basket : bien plus qu\u2019un club de basketball ! Alliez sport et d\u00e9couverte culturelle \u00e0 travers nos activit\u00e9s uniques. Chaque ann\u00e9e, vivez une saison r\u00e9guli\u00e8re intense suivie des playoffs, un rendez-vous incontournable pour tous les passionn\u00e9s\",\"potentialAction\":[{\"@type\":\"SearchAction\",\"target\":{\"@type\":\"EntryPoint\",\"urlTemplate\":\"https:\/\/lcmbasket.com\/?s={search_term_string}\"},\"query-input\":\"required name=search_term_string\"}],\"inLanguage\":\"fr-FR\"}]}<\/script>\n<!-- \/ Yoast SEO plugin. -->","yoast_head_json":{"title":"Stats - LCM Basket - Ligue Malagasy | D\u00e9couverte Culturelle et Tournois Passionnants","robots":{"index":"index","follow":"follow","max-snippet":"max-snippet:-1","max-image-preview":"max-image-preview:large","max-video-preview":"max-video-preview:-1"},"canonical":"https:\/\/lcmbasket.com\/index.php\/stats\/","og_locale":"fr_FR","og_type":"article","og_title":"Stats - LCM Basket - Ligue Malagasy | D\u00e9couverte Culturelle et Tournois Passionnants","og_url":"https:\/\/lcmbasket.com\/index.php\/stats\/","og_site_name":"LCM Basket - Ligue Malagasy | D\u00e9couverte Culturelle et Tournois Passionnants","twitter_card":"summary_large_image","schema":{"@context":"https:\/\/schema.org","@graph":[{"@type":"WebPage","@id":"https:\/\/lcmbasket.com\/index.php\/stats\/","url":"https:\/\/lcmbasket.com\/index.php\/stats\/","name":"Stats - LCM Basket - Ligue Malagasy | D\u00e9couverte Culturelle et Tournois Passionnants","isPartOf":{"@id":"https:\/\/lcmbasket.com\/#website"},"datePublished":"2025-09-22T00:17:07+00:00","dateModified":"2025-09-22T00:17:07+00:00","breadcrumb":{"@id":"https:\/\/lcmbasket.com\/index.php\/stats\/#breadcrumb"},"inLanguage":"fr-FR","potentialAction":[{"@type":"ReadAction","target":["https:\/\/lcmbasket.com\/index.php\/stats\/"]}]},{"@type":"BreadcrumbList","@id":"https:\/\/lcmbasket.com\/index.php\/stats\/#breadcrumb","itemListElement":[{"@type":"ListItem","position":1,"name":"Accueil","item":"https:\/\/lcmbasket.com\/"},{"@type":"ListItem","position":2,"name":"Stats"}]},{"@type":"WebSite","@id":"https:\/\/lcmbasket.com\/#website","url":"https:\/\/lcmbasket.com\/","name":"LCM Basket - Ligue Malagasy | D\u00e9couverte Culturelle et Tournois Passionnants","description":"LCM Basket : bien plus qu\u2019un club de basketball ! Alliez sport et d\u00e9couverte culturelle \u00e0 travers nos activit\u00e9s uniques. Chaque ann\u00e9e, vivez une saison r\u00e9guli\u00e8re intense suivie des playoffs, un rendez-vous incontournable pour tous les passionn\u00e9s","potentialAction":[{"@type":"SearchAction","target":{"@type":"EntryPoint","urlTemplate":"https:\/\/lcmbasket.com\/?s={search_term_string}"},"query-input":"required name=search_term_string"}],"inLanguage":"fr-FR"}]}},"jetpack_sharing_enabled":true,"_links":{"self":[{"href":"https:\/\/lcmbasket.com\/index.php\/wp-json\/wp\/v2\/pages\/3190","targetHints":{"allow":["GET"]}}],"collection":[{"href":"https:\/\/lcmbasket.com\/index.php\/wp-json\/wp\/v2\/pages"}],"about":[{"href":"https:\/\/lcmbasket.com\/index.php\/wp-json\/wp\/v2\/types\/page"}],"author":[{"embeddable":true,"href":"https:\/\/lcmbasket.com\/index.php\/wp-json\/wp\/v2\/users\/1"}],"replies":[{"embeddable":true,"href":"https:\/\/lcmbasket.com\/index.php\/wp-json\/wp\/v2\/comments?post=3190"}],"version-history":[{"count":1,"href":"https:\/\/lcmbasket.com\/index.php\/wp-json\/wp\/v2\/pages\/3190\/revisions"}],"predecessor-version":[{"id":3191,"href":"https:\/\/lcmbasket.com\/index.php\/wp-json\/wp\/v2\/pages\/3190\/revisions\/3191"}],"wp:attachment":[{"href":"https:\/\/lcmbasket.com\/index.php\/wp-json\/wp\/v2\/media?parent=3190"}],"curies":[{"name":"wp","href":"https:\/\/api.w.org\/{rel}","templated":true}]}}